{"id":2298,"date":"2024-10-28T15:11:12","date_gmt":"2024-10-28T15:11:12","guid":{"rendered":"https:\/\/claros2.pt\/?page_id=2298"},"modified":"2024-10-28T15:11:12","modified_gmt":"2024-10-28T15:11:12","slug":"cookies","status":"publish","type":"page","link":"https:\/\/claros2.pt\/index.php\/cookies\/","title":{"rendered":"Cookies"},"content":{"rendered":"\r\n\r\n\r\n<h2 class=\"wp-block-heading\">Cookies<\/h2>\r\n\r\n\r\n\r\n<p><span class=\"HwtZe\" lang=\"pt-PT\"><span class=\"jCAhz ChMk0b\"><span class=\"ryNqvb\">Se deixar um coment\u00e1rio no nosso website, pode optar por guardar o seu nome, endere\u00e7o de e-mail e website em cookies.<\/span><\/span> <span class=\"jCAhz ChMk0b\"><span class=\"ryNqvb\">S\u00e3o para sua comodidade, para que n\u00e3o tenha de preencher novamente os seus dados ao deixar outro coment\u00e1rio.<\/span><\/span> <span class=\"jCAhz ChMk0b\"><span class=\"ryNqvb\">Estes biscoitos duram um ano. <\/span><\/span><span class=\"jCAhz ChMk0b\"><span class=\"ryNqvb\">Se visitar a nossa p\u00e1gina de login, definiremos um cookie tempor\u00e1rio para determinar se o seu navegador aceita cookies.<\/span><\/span> <span class=\"jCAhz ChMk0b\"><span class=\"ryNqvb\">Este cookie n\u00e3o cont\u00e9m dados pessoais e \u00e9 descartado quando fecha o navegador. <\/span><\/span><span class=\"jCAhz ChMk0b\"><span class=\"ryNqvb\">Quando fizer login, tamb\u00e9m configuraremos v\u00e1rios cookies para guardar as suas informa\u00e7\u00f5es de login e as suas op\u00e7\u00f5es de visualiza\u00e7\u00e3o no ecr\u00e3.<\/span><\/span> <span class=\"jCAhz ChMk0b\"><span class=\"ryNqvb\">Os cookies de in\u00edcio de sess\u00e3o duram dois dias e os cookies de op\u00e7\u00f5es de ecr\u00e3 duram um ano.<\/span><\/span> <span class=\"jCAhz ChMk0b\"><span class=\"ryNqvb\">Se selecionar &#8220;Lembrar-me&#8221;, o seu in\u00edcio de sess\u00e3o persistir\u00e1 durante duas semanas.<\/span><\/span> <span class=\"jCAhz ChMk0b\"><span class=\"ryNqvb\">Se sair da sua conta, os cookies de in\u00edcio de sess\u00e3o ser\u00e3o removidos. <\/span><\/span><span class=\"jCAhz ChMk0b\"><span class=\"ryNqvb\">Se editar ou publicar um artigo, um cookie adicional ser\u00e1 guardado no seu navegador.<\/span><\/span> <span class=\"jCAhz ChMk0b\"><span class=\"ryNqvb\">Este cookie n\u00e3o inclui dados pessoais e indica simplesmente o ID da publica\u00e7\u00e3o do artigo que acabou de editar.<\/span><\/span> <span class=\"jCAhz\"><span class=\"ryNqvb\">Expira ap\u00f3s 1 dia.<\/span><\/span><\/span><span class=\"HwtZe\" lang=\"pt-PT\"><span class=\"jCAhz ChMk0b\"><span class=\"ryNqvb\">Conte\u00fado incorporado de outros sites<\/span><\/span><\/span><\/p>\r\n\r\n\r\n\r\n<p><span class=\"HwtZe\" lang=\"pt-PT\"><span class=\"jCAhz ChMk0b\"><span class=\"ryNqvb\">Os artigos deste site podem incluir conte\u00fado incorporado (por exemplo, v\u00eddeos, imagens, artigos, etc.).<\/span><\/span> <span class=\"jCAhz ChMk0b\"><span class=\"ryNqvb\">O conte\u00fado incorporado de outros sites comporta-se exatamente da mesma forma como se o visitante tivesse visitado o outro site. <\/span><\/span><span class=\"jCAhz ChMk0b\"><span class=\"ryNqvb\">Estes sites podem recolher dados sobre si, utilizar cookies, incorporar um rastreio adicional de terceiros e monitorizar a sua intera\u00e7\u00e3o com esse conte\u00fado incorporado, incluindo rastrear a sua intera\u00e7\u00e3o com o conte\u00fado incorporado se tiver uma conta e estiver ligado a esse site.<\/span><\/span><\/span><\/p>\r\n\r\n\r\n\r\n<h2 class=\"wp-block-heading\"><span class=\"HwtZe\" lang=\"pt-PT\"><span class=\"jCAhz ChMk0b\"><span class=\"ryNqvb\">Com quem partilhamos os seus dados<\/span><\/span><\/span><\/h2>\r\n\r\n\r\n\r\n<p>Os seus dados n\u00e3o s\u00e3o partilhados com qualquer outra empresa, sendo unicamente utilizados por n\u00f3s para fins de marketing ou atendimento ao cliente.email.<\/p>\r\n\r\n\r\n\r\n<h2 class=\"wp-block-heading\"><span class=\"HwtZe\" lang=\"pt-PT\"><span class=\"jCAhz ChMk0b\"><span class=\"ryNqvb\">Durante quanto tempo retemos os seus dados<\/span><\/span><\/span><\/h2>\r\n\r\n\r\n\r\n<p><span class=\"HwtZe\" lang=\"pt-PT\"><span class=\"jCAhz ChMk0b\"><span class=\"ryNqvb\">Se deixar um coment\u00e1rio, o coment\u00e1rio e os seus metadados ser\u00e3o retidos indefinidamente.<\/span><\/span> <span class=\"jCAhz ChMk0b\"><span class=\"ryNqvb\">Isto acontece para que possamos reconhecer e aprovar quaisquer coment\u00e1rios de acompanhamento automaticamente, em vez de os manter numa fila de modera\u00e7\u00e3o. <\/span><\/span><span class=\"jCAhz ChMk0b\"><span class=\"ryNqvb\">Para os utilizadores que se registem no nosso site (se existirem), tamb\u00e9m armazenamos as informa\u00e7\u00f5es pessoais que fornecem no seu perfil de utilizador.<\/span><\/span> <span class=\"jCAhz ChMk0b\"><span class=\"ryNqvb\">Todos os utilizadores podem ver, editar ou eliminar as suas informa\u00e7\u00f5es pessoais a qualquer momento (exceto que n\u00e3o podem alterar o seu nome de utilizador).<\/span><\/span> <span class=\"jCAhz ChMk0b\"><span class=\"ryNqvb\">Os administradores do site tamb\u00e9m podem ver e editar estas informa\u00e7\u00f5es.<\/span><\/span><\/span><\/p>\r\n\r\n\r\n\r\n<h2 class=\"wp-block-heading\"><span class=\"HwtZe\" lang=\"pt-PT\"><span class=\"jCAhz ChMk0b\"><span class=\"ryNqvb\">Que direitos tem sobre os seus dados<\/span><\/span><\/span><\/h2>\r\n\r\n\r\n\r\n<p><span class=\"HwtZe\" lang=\"pt-PT\"><span class=\"jCAhz ChMk0b\"><span class=\"ryNqvb\">Se possui uma conta neste site ou deixou coment\u00e1rios, pode solicitar a rece\u00e7\u00e3o de um ficheiro exportado dos dados pessoais que mantemos sobre si, incluindo quaisquer dados que nos tenha fornecido.<\/span><\/span> <span class=\"jCAhz ChMk0b\"><span class=\"ryNqvb\">Pode tamb\u00e9m solicitar que apaguemos quaisquer dados pessoais que tenhamos sobre si.<\/span><\/span> <span class=\"jCAhz ChMk0b\"><span class=\"ryNqvb\">Isto n\u00e3o inclui quaisquer dados que sejamos obrigados a manter para fins administrativos, legais ou de seguran\u00e7a.<\/span><\/span><\/span><\/p>\r\n\r\n\r\n\r\n<p><span class=\"HwtZe\" lang=\"pt-PT\"><span class=\"jCAhz ChMk0b\"><span class=\"ryNqvb\">Os coment\u00e1rios dos visitantes podem ser verificados atrav\u00e9s de um servi\u00e7o automatizado de dete\u00e7\u00e3o de spam.<\/span><\/span><\/span><\/p>\r\n\r\n<p>&nbsp;<\/p>","protected":false},"excerpt":{"rendered":"<p>Cookies Se deixar um coment\u00e1rio no nosso website, pode optar [&hellip;]<\/p>\n","protected":false},"author":1,"featured_media":0,"parent":0,"menu_order":0,"comment_status":"closed","ping_status":"open","template":"","meta":{"footnotes":""},"class_list":["post-2298","page","type-page","status-publish","hentry"],"_links":{"self":[{"href":"https:\/\/claros2.pt\/index.php\/wp-json\/wp\/v2\/pages\/2298","targetHints":{"allow":["GET"]}}],"collection":[{"href":"https:\/\/claros2.pt\/index.php\/wp-json\/wp\/v2\/pages"}],"about":[{"href":"https:\/\/claros2.pt\/index.php\/wp-json\/wp\/v2\/types\/page"}],"author":[{"embeddable":true,"href":"https:\/\/claros2.pt\/index.php\/wp-json\/wp\/v2\/users\/1"}],"replies":[{"embeddable":true,"href":"https:\/\/claros2.pt\/index.php\/wp-json\/wp\/v2\/comments?post=2298"}],"version-history":[{"count":1,"href":"https:\/\/claros2.pt\/index.php\/wp-json\/wp\/v2\/pages\/2298\/revisions"}],"predecessor-version":[{"id":2299,"href":"https:\/\/claros2.pt\/index.php\/wp-json\/wp\/v2\/pages\/2298\/revisions\/2299"}],"wp:attachment":[{"href":"https:\/\/claros2.pt\/index.php\/wp-json\/wp\/v2\/media?parent=2298"}],"curies":[{"name":"wp","href":"https:\/\/api.w.org\/{rel}","templated":true}]}}